{"id":426,"date":"2025-08-18T18:32:22","date_gmt":"2025-08-18T16:32:22","guid":{"rendered":"https:\/\/www.mariachivivamexico.fr\/?page_id=426"},"modified":"2025-08-18T18:32:22","modified_gmt":"2025-08-18T16:32:22","slug":"video-a-la-demande","status":"publish","type":"page","link":"https:\/\/www.mariachivivamexico.fr\/?page_id=426","title":{"rendered":"Video \u00e0 la demande"},"content":{"rendered":"\n<h3 class=\"wp-block-heading\">\ud83c\udfba Offrez une s\u00e9r\u00e9nade personnalis\u00e9e en vid\u00e9o !<\/h3>\n\n\n\n<p>En plus de nos concerts en direct, nous vous proposons d\u00e9sormais un service unique : des <strong>vid\u00e9os \u00e0 la demande<\/strong> de votre groupe de mariachis pr\u00e9f\u00e9r\u00e9.<br>Que ce soit pour un <strong>anniversaire<\/strong>, une <strong>demande en mariage<\/strong>, une <strong>annonce sp\u00e9ciale<\/strong> ou simplement pour surprendre un proche, nous cr\u00e9ons pour vous une s\u00e9r\u00e9nade festive et chaleureuse, enregistr\u00e9e rien que pour l\u2019occasion.<\/p>\n\n\n\n<p>\ud83d\udc8c Chaque vid\u00e9o est personnalis\u00e9e selon vos souhaits, pour que le moment reste inoubliable.<br>\ud83d\udcb2 Les tarifs varient selon vos besoins \u2014 <strong>prix sur demande<\/strong>.<\/p>\n\n\n\n<p>\ud83d\udc49 Pour en savoir plus et r\u00e9server votre vid\u00e9o, cliquez sur le formulaire ci-dessous.<\/p>\n\n\n\n<div class=\"wp-block-contact-form-7-contact-form-selector\">\n<div class=\"wpcf7 no-js\" id=\"wpcf7-f368-o1\" lang=\"en-US\" dir=\"ltr\" data-wpcf7-id=\"368\">\n<div class=\"screen-reader-response\"><p role=\"status\" aria-live=\"polite\" aria-atomic=\"true\"><\/p> <ul><\/ul><\/div>\n<form action=\"\/index.php?rest_route=%2Fwp%2Fv2%2Fpages%2F426#wpcf7-f368-o1\" method=\"post\" class=\"wpcf7-form init\" aria-label=\"Contact form\" novalidate=\"novalidate\" data-status=\"init\">\n<fieldset class=\"hidden-fields-container\"><input type=\"hidden\" name=\"_wpcf7\" value=\"368\" \/><input type=\"hidden\" name=\"_wpcf7_version\" value=\"6.1.3\" \/><input type=\"hidden\" name=\"_wpcf7_locale\" value=\"en_US\" \/><input type=\"hidden\" name=\"_wpcf7_unit_tag\" value=\"wpcf7-f368-o1\" \/><input type=\"hidden\" name=\"_wpcf7_container_post\" value=\"0\" \/><input type=\"hidden\" name=\"_wpcf7_posted_data_hash\" value=\"\" \/>\n<\/fieldset>\n<p><label> Nom (requis)<br \/>\n<span class=\"wpcf7-form-control-wrap\" data-name=\"Nom\"><input size=\"40\" maxlength=\"400\" class=\"wpcf7-form-control wpcf7-text\" aria-invalid=\"false\" value=\"\" type=\"text\" name=\"Nom\" \/><\/span> <\/label>\n<\/p>\n<p><label> Email (requis)<br \/>\n<span class=\"wpcf7-form-control-wrap\" data-name=\"Email\"><input size=\"40\" maxlength=\"400\" class=\"wpcf7-form-control wpcf7-email wpcf7-validates-as-required wpcf7-text wpcf7-validates-as-email\" aria-required=\"true\" aria-invalid=\"false\" value=\"\" type=\"email\" name=\"Email\" \/><\/span> <\/label>\n<\/p>\n<p><label> Numero (requis)<br \/>\n<span class=\"wpcf7-form-control-wrap\" data-name=\"Numero\"><input size=\"40\" maxlength=\"400\" class=\"wpcf7-form-control wpcf7-text\" aria-invalid=\"false\" value=\"\" type=\"text\" name=\"Numero\" \/><\/span> <\/label>\n<\/p>\n<p><label> Message<br \/>\n<span class=\"wpcf7-form-control-wrap\" data-name=\"Message\"><textarea cols=\"40\" rows=\"10\" maxlength=\"2000\" class=\"wpcf7-form-control wpcf7-textarea\" aria-invalid=\"false\" name=\"Message\"><\/textarea><\/span> <\/label>\n<\/p>\n<p><input class=\"wpcf7-form-control wpcf7-submit has-spinner\" type=\"submit\" value=\"Envoyer\" \/>\n<\/p><div class=\"wpcf7-response-output\" aria-hidden=\"true\"><\/div>\n<\/form>\n<\/div>\n<\/div>\n","protected":false},"excerpt":{"rendered":"<p>\ud83c\udfba Offrez une s\u00e9r\u00e9nade personnalis\u00e9e en vid\u00e9o ! En plus de nos concerts en direct, nous vous proposons d\u00e9sormais un [&hellip;]<\/p>\n","protected":false},"author":1,"featured_media":0,"parent":0,"menu_order":0,"comment_status":"closed","ping_status":"closed","template":"","meta":{"footnotes":""},"class_list":["post-426","page","type-page","status-publish","hentry"],"jetpack_sharing_enabled":true,"_links":{"self":[{"href":"https:\/\/www.mariachivivamexico.fr\/index.php?rest_route=\/wp\/v2\/pages\/426","targetHints":{"allow":["GET"]}}],"collection":[{"href":"https:\/\/www.mariachivivamexico.fr\/index.php?rest_route=\/wp\/v2\/pages"}],"about":[{"href":"https:\/\/www.mariachivivamexico.fr\/index.php?rest_route=\/wp\/v2\/types\/page"}],"author":[{"embeddable":true,"href":"https:\/\/www.mariachivivamexico.fr\/index.php?rest_route=\/wp\/v2\/users\/1"}],"replies":[{"embeddable":true,"href":"https:\/\/www.mariachivivamexico.fr\/index.php?rest_route=%2Fwp%2Fv2%2Fcomments&post=426"}],"version-history":[{"count":1,"href":"https:\/\/www.mariachivivamexico.fr\/index.php?rest_route=\/wp\/v2\/pages\/426\/revisions"}],"predecessor-version":[{"id":428,"href":"https:\/\/www.mariachivivamexico.fr\/index.php?rest_route=\/wp\/v2\/pages\/426\/revisions\/428"}],"wp:attachment":[{"href":"https:\/\/www.mariachivivamexico.fr\/index.php?rest_route=%2Fwp%2Fv2%2Fmedia&parent=426"}],"curies":[{"name":"wp","href":"https:\/\/api.w.org\/{rel}","templated":true}]}}